{"id":235046,"date":"2022-04-04T20:14:57","date_gmt":"2022-04-04T18:14:57","guid":{"rendered":"https:\/\/warungrebelle.com\/?post_type=product&#038;p=235046"},"modified":"2025-09-01T14:53:17","modified_gmt":"2025-09-01T12:53:17","slug":"starter-paket-mild","status":"publish","type":"product","link":"https:\/\/rindunusantara.com\/id\/shop\/starter-paket-mild\/","title":{"rendered":"Paket pemula \u2013 ringan"},"content":{"rendered":"<p>Pilihan kecil hidangan non-pedas dari jangkauan kami. Bagi siapa saja yang hanya ingin mencoba saus rempah-rempah kami, tetapi ingin mencoba panas Asia terlebih dahulu.<\/p>\n<p>Paket perdana ini meliputi:<\/p>\n<p>1x Ayam Kecap<\/p>\n<p>1x Kari Kentang Ayam<\/p>\n<p>1x Mie Goreng besar<\/p>","protected":false},"excerpt":{"rendered":"<p>Eine kleine Auswahl von nicht scharfen Gerichten aus unserem Sortiment. F\u00fcr jeden der einfach mal unsere Gew\u00fcrzso\u00dfen ausprobien, sich aber erstmal an die asiatische Sch\u00e4rfe rantasten m\u00f6chte. Dieses Starter Paket beinhaltet: 1x Ayam Kecap 1x Chicken Potato Curry 1x Mie Goreng Gro\u00df<\/p>","protected":false},"featured_media":223651,"comment_status":"open","ping_status":"closed","template":"","meta":{"_et_pb_use_builder":"","_et_pb_old_content":"","_et_gb_content_width":""},"product_brand":[],"product_cat":[97],"product_tag":[],"class_list":{"0":"post-235046","1":"product","2":"type-product","3":"status-publish","4":"has-post-thumbnail","6":"product_cat-sets","8":"first","9":"instock","10":"shipping-taxable","11":"purchasable","12":"product-type-simple"},"_links":{"self":[{"href":"https:\/\/rindunusantara.com\/id\/wp-json\/wp\/v2\/product\/235046","targetHints":{"allow":["GET"]}}],"collection":[{"href":"https:\/\/rindunusantara.com\/id\/wp-json\/wp\/v2\/product"}],"about":[{"href":"https:\/\/rindunusantara.com\/id\/wp-json\/wp\/v2\/types\/product"}],"replies":[{"embeddable":true,"href":"https:\/\/rindunusantara.com\/id\/wp-json\/wp\/v2\/comments?post=235046"}],"wp:featuredmedia":[{"embeddable":true,"href":"https:\/\/rindunusantara.com\/id\/wp-json\/wp\/v2\/media\/223651"}],"wp:attachment":[{"href":"https:\/\/rindunusantara.com\/id\/wp-json\/wp\/v2\/media?parent=235046"}],"wp:term":[{"taxonomy":"product_brand","embeddable":true,"href":"https:\/\/rindunusantara.com\/id\/wp-json\/wp\/v2\/product_brand?post=235046"},{"taxonomy":"product_cat","embeddable":true,"href":"https:\/\/rindunusantara.com\/id\/wp-json\/wp\/v2\/product_cat?post=235046"},{"taxonomy":"product_tag","embeddable":true,"href":"https:\/\/rindunusantara.com\/id\/wp-json\/wp\/v2\/product_tag?post=235046"}],"curies":[{"name":"wp","href":"https:\/\/api.w.org\/{rel}","templated":true}]}}