{"id":235043,"date":"2022-04-04T20:02:56","date_gmt":"2022-04-04T18:02:56","guid":{"rendered":"https:\/\/warungrebelle.com\/?post_type=product&#038;p=235043"},"modified":"2024-01-21T09:05:20","modified_gmt":"2024-01-21T08:05:20","slug":"starter-paket","status":"publish","type":"product","link":"https:\/\/rindunusantara.com\/id\/shop\/starter-paket\/","title":{"rendered":"Paket pemula \u2013 di seluruh papan"},"content":{"rendered":"<p>Pilihan kecil di seluruh jangkauan kami. Untuk semua orang yang hanya ingin mencoba saus rempah-rempah kami, tetapi tidak benar-benar tahu hidangan mana yang harus dipilih.<\/p>\n<p>Paket perdana ini meliputi:<\/p>\n<p>1x Suwir Bali<\/p>\n<p>1x Rendang Daging Sapi<\/p>\n<p>1x Mie Ayam<\/p>","protected":false},"excerpt":{"rendered":"<p>Eine kleine Auswahl quer durch unser Sortiment. F\u00fcr jeden der einfach mal unsere Gew\u00fcrzso\u00dfen ausprobien m\u00f6chte, aber nicht so richtig wei\u00df f\u00fcr welche Gerichte er sich entscheiden soll. Dieses Starter Paket beinhaltet: 1x Suwir Bali 1x Beef Rendang 1x Mie Ayam<\/p>","protected":false},"featured_media":223743,"comment_status":"open","ping_status":"closed","template":"","meta":{"_et_pb_use_builder":"","_et_pb_old_content":"","_et_gb_content_width":""},"product_brand":[],"product_cat":[97],"product_tag":[],"class_list":{"0":"post-235043","1":"product","2":"type-product","3":"status-publish","4":"has-post-thumbnail","6":"product_cat-sets","8":"first","9":"instock","10":"shipping-taxable","11":"purchasable","12":"product-type-simple"},"_links":{"self":[{"href":"https:\/\/rindunusantara.com\/id\/wp-json\/wp\/v2\/product\/235043","targetHints":{"allow":["GET"]}}],"collection":[{"href":"https:\/\/rindunusantara.com\/id\/wp-json\/wp\/v2\/product"}],"about":[{"href":"https:\/\/rindunusantara.com\/id\/wp-json\/wp\/v2\/types\/product"}],"replies":[{"embeddable":true,"href":"https:\/\/rindunusantara.com\/id\/wp-json\/wp\/v2\/comments?post=235043"}],"wp:featuredmedia":[{"embeddable":true,"href":"https:\/\/rindunusantara.com\/id\/wp-json\/wp\/v2\/media\/223743"}],"wp:attachment":[{"href":"https:\/\/rindunusantara.com\/id\/wp-json\/wp\/v2\/media?parent=235043"}],"wp:term":[{"taxonomy":"product_brand","embeddable":true,"href":"https:\/\/rindunusantara.com\/id\/wp-json\/wp\/v2\/product_brand?post=235043"},{"taxonomy":"product_cat","embeddable":true,"href":"https:\/\/rindunusantara.com\/id\/wp-json\/wp\/v2\/product_cat?post=235043"},{"taxonomy":"product_tag","embeddable":true,"href":"https:\/\/rindunusantara.com\/id\/wp-json\/wp\/v2\/product_tag?post=235043"}],"curies":[{"name":"wp","href":"https:\/\/api.w.org\/{rel}","templated":true}]}}