{"id":224748,"date":"2021-12-13T22:11:21","date_gmt":"2021-12-13T21:11:21","guid":{"rendered":"https:\/\/warungrebelle.com\/?post_type=product&#038;p=224748"},"modified":"2024-11-18T01:16:48","modified_gmt":"2024-11-18T00:16:48","slug":"geschenkset-medium","status":"publish","type":"product","link":"https:\/\/rindunusantara.com\/id\/shop\/geschenkset-medium\/","title":{"rendered":"Geschenkset Spicy"},"content":{"rendered":"<p>F\u00fcr alle die Scharfe Speisen m\u00f6gen ist unser Geschenkset Spicy genau das richtige.<\/p>\n<p>Bereits in einer sch\u00f6nen Schale hergerichtet ist es fertig zum Verschenken.<\/p>\n<p>Unser Geschenkset Spicy besteht aus folgenden Inhalt:<\/p>\n<p>-1x Rindu Nusantara Beef Rendang<\/p>\n<p>-1x Rindu Nusantara Satay Spicy<\/p>\n<p>-1x Rindu Nusantara Ayam Betutu Spicy<\/p>\n<p>&nbsp;<\/p>","protected":false},"excerpt":{"rendered":"<p>F\u00fcr alle die Scharfe Speisen m\u00f6gen ist unser Geschenkset Spicy genau das richtige. Bereits in einer sch\u00f6nen Schale hergerichtet ist es fertig zum Verschenken. Unser Geschenkset Spicy besteht aus folgenden Inhalt: -1x Rindu Nusantara Beef Rendang -1x Rindu Nusantara Satay Spicy -1x Rindu Nusantara Ayam Betutu Spicy &nbsp;<\/p>","protected":false},"featured_media":235363,"comment_status":"open","ping_status":"closed","template":"","meta":{"_et_pb_use_builder":"","_et_pb_old_content":"","_et_gb_content_width":""},"product_brand":[],"product_cat":[126],"product_tag":[],"class_list":{"0":"post-224748","1":"product","2":"type-product","3":"status-publish","4":"has-post-thumbnail","6":"product_cat-geschenkkoerbe","7":"product_shipping_class-paket","9":"first","10":"instock","11":"shipping-taxable","12":"purchasable","13":"product-type-simple"},"_links":{"self":[{"href":"https:\/\/rindunusantara.com\/id\/wp-json\/wp\/v2\/product\/224748","targetHints":{"allow":["GET"]}}],"collection":[{"href":"https:\/\/rindunusantara.com\/id\/wp-json\/wp\/v2\/product"}],"about":[{"href":"https:\/\/rindunusantara.com\/id\/wp-json\/wp\/v2\/types\/product"}],"replies":[{"embeddable":true,"href":"https:\/\/rindunusantara.com\/id\/wp-json\/wp\/v2\/comments?post=224748"}],"wp:featuredmedia":[{"embeddable":true,"href":"https:\/\/rindunusantara.com\/id\/wp-json\/wp\/v2\/media\/235363"}],"wp:attachment":[{"href":"https:\/\/rindunusantara.com\/id\/wp-json\/wp\/v2\/media?parent=224748"}],"wp:term":[{"taxonomy":"product_brand","embeddable":true,"href":"https:\/\/rindunusantara.com\/id\/wp-json\/wp\/v2\/product_brand?post=224748"},{"taxonomy":"product_cat","embeddable":true,"href":"https:\/\/rindunusantara.com\/id\/wp-json\/wp\/v2\/product_cat?post=224748"},{"taxonomy":"product_tag","embeddable":true,"href":"https:\/\/rindunusantara.com\/id\/wp-json\/wp\/v2\/product_tag?post=224748"}],"curies":[{"name":"wp","href":"https:\/\/api.w.org\/{rel}","templated":true}]}}