{"id":223017,"date":"2021-04-25T17:37:12","date_gmt":"2021-04-25T17:37:12","guid":{"rendered":"https:\/\/conceptagent.dev\/wr\/?post_type=product&#038;p=223017"},"modified":"2025-08-29T07:55:31","modified_gmt":"2025-08-29T05:55:31","slug":"sambal-lalapan","status":"publish","type":"product","link":"https:\/\/rindunusantara.com\/id\/shop\/sambal-lalapan\/","title":{"rendered":"Sambal Lalapan"},"content":{"rendered":"<p>Rasa: Juicy, asam, manis, panas<\/p>\n<p>Terutama digunakan untuk: ayam<\/p>\n<p>asal : bandung<\/p>\n<p>Saus atau pasta cabai Indonesia disebut sambal. Saus pedas ini biasanya terbuat dari campuran bawang putih, jahe, bawang merah, gula aren, air jeruk nipis dan berbagai cabai.<\/p>\n<p>Dengan kuah sambal yang pas, baik masakan Asia maupun masakan Barat bisa diberi tambahan kepedasan dan kepedasan.<\/p>","protected":false},"excerpt":{"rendered":"<p>Geschmack: Saftig, sauer, s\u00fc\u00df, scharf Wird haupts\u00e4chlich verwendet f\u00fcr:\u00a0 H\u00e4hnchen Herkunft: Bandung Als Sambal bezeichnet man indonesische Chiliso\u00dfen oder Pasten. Diese scharfen So\u00dfen werden typischerweise aus einer Mischung von Knoblauch, Ingwer, Zwiebeln, Palmzucker, Limettensaft und unterschiedlichsten Chilischoten hergestellt. Mit den entsprechenden Sambalso\u00dfen kann sowohl asiatischen Gerichten als auch Gerichten aus der westlichen K\u00fcche eine zus\u00e4tzliche [&hellip;]<\/p>","protected":false},"featured_media":235466,"comment_status":"open","ping_status":"closed","template":"","meta":{"_et_pb_use_builder":"off","_et_pb_old_content":"test","_et_gb_content_width":""},"product_brand":[],"product_cat":[98],"product_tag":[],"class_list":{"0":"post-223017","1":"product","2":"type-product","3":"status-publish","4":"has-post-thumbnail","6":"product_cat-sambal","7":"product_shipping_class-paket","9":"first","10":"instock","11":"shipping-taxable","12":"purchasable","13":"product-type-variable"},"_links":{"self":[{"href":"https:\/\/rindunusantara.com\/id\/wp-json\/wp\/v2\/product\/223017","targetHints":{"allow":["GET"]}}],"collection":[{"href":"https:\/\/rindunusantara.com\/id\/wp-json\/wp\/v2\/product"}],"about":[{"href":"https:\/\/rindunusantara.com\/id\/wp-json\/wp\/v2\/types\/product"}],"replies":[{"embeddable":true,"href":"https:\/\/rindunusantara.com\/id\/wp-json\/wp\/v2\/comments?post=223017"}],"wp:featuredmedia":[{"embeddable":true,"href":"https:\/\/rindunusantara.com\/id\/wp-json\/wp\/v2\/media\/235466"}],"wp:attachment":[{"href":"https:\/\/rindunusantara.com\/id\/wp-json\/wp\/v2\/media?parent=223017"}],"wp:term":[{"taxonomy":"product_brand","embeddable":true,"href":"https:\/\/rindunusantara.com\/id\/wp-json\/wp\/v2\/product_brand?post=223017"},{"taxonomy":"product_cat","embeddable":true,"href":"https:\/\/rindunusantara.com\/id\/wp-json\/wp\/v2\/product_cat?post=223017"},{"taxonomy":"product_tag","embeddable":true,"href":"https:\/\/rindunusantara.com\/id\/wp-json\/wp\/v2\/product_tag?post=223017"}],"curies":[{"name":"wp","href":"https:\/\/api.w.org\/{rel}","templated":true}]}}