{"id":223015,"date":"2021-04-25T17:35:50","date_gmt":"2021-04-25T17:35:50","guid":{"rendered":"https:\/\/conceptagent.dev\/wr\/?post_type=product&#038;p=223015"},"modified":"2025-12-12T12:55:31","modified_gmt":"2025-12-12T11:55:31","slug":"sambal-terasi","status":"publish","type":"product","link":"https:\/\/rindunusantara.com\/id\/shop\/sambal-terasi\/","title":{"rendered":"sambal terasi"},"content":{"rendered":"<p>Rasa: manis, juicy, tajam<\/p>\n<p>Wird haupts\u00e4chlich verwendet f\u00fcr:\u00a0 Fleisch, Fisch, Gem\u00fcse &#8211; Sambal Terrassi ist der absolute Allrounder und eignet sich besonders gut zum Einstieg in die Welt der Sambal<\/p>\n<p>Asal: Jawa Barat<\/p>\n<p>Saus atau pasta cabai Indonesia disebut sambal. Saus pedas ini biasanya terbuat dari campuran bawang putih, jahe, bawang merah, gula aren, air jeruk nipis dan berbagai cabai.<\/p>\n<p>Dengan kuah sambal yang pas, baik masakan Asia maupun masakan Barat bisa diberi tambahan kepedasan dan kepedasan.<\/p>","protected":false},"excerpt":{"rendered":"<p>Geschmack: S\u00fc\u00dflich, Saftig, scharf Wird haupts\u00e4chlich verwendet f\u00fcr:\u00a0 Fleisch, Fisch, Gem\u00fcse &#8211; Sambal Terrassi ist der absolute Allrounder und eignet sich besonders gut zum Einstieg in die Welt der Sambal Herkunft: West Java Als Sambal bezeichnet man indonesische Chiliso\u00dfen oder Pasten. Diese scharfen So\u00dfen werden typischerweise aus einer Mischung von Knoblauch, Ingwer, Zwiebeln, Palmzucker, Limettensaft [&hellip;]<\/p>","protected":false},"featured_media":235467,"comment_status":"open","ping_status":"closed","template":"","meta":{"_et_pb_use_builder":"","_et_pb_old_content":"","_et_gb_content_width":""},"product_brand":[],"product_cat":[98],"product_tag":[],"class_list":{"0":"post-223015","1":"product","2":"type-product","3":"status-publish","4":"has-post-thumbnail","6":"product_cat-sambal","7":"product_shipping_class-paket","9":"first","10":"instock","11":"shipping-taxable","12":"purchasable","13":"product-type-variable"},"_links":{"self":[{"href":"https:\/\/rindunusantara.com\/id\/wp-json\/wp\/v2\/product\/223015","targetHints":{"allow":["GET"]}}],"collection":[{"href":"https:\/\/rindunusantara.com\/id\/wp-json\/wp\/v2\/product"}],"about":[{"href":"https:\/\/rindunusantara.com\/id\/wp-json\/wp\/v2\/types\/product"}],"replies":[{"embeddable":true,"href":"https:\/\/rindunusantara.com\/id\/wp-json\/wp\/v2\/comments?post=223015"}],"wp:featuredmedia":[{"embeddable":true,"href":"https:\/\/rindunusantara.com\/id\/wp-json\/wp\/v2\/media\/235467"}],"wp:attachment":[{"href":"https:\/\/rindunusantara.com\/id\/wp-json\/wp\/v2\/media?parent=223015"}],"wp:term":[{"taxonomy":"product_brand","embeddable":true,"href":"https:\/\/rindunusantara.com\/id\/wp-json\/wp\/v2\/product_brand?post=223015"},{"taxonomy":"product_cat","embeddable":true,"href":"https:\/\/rindunusantara.com\/id\/wp-json\/wp\/v2\/product_cat?post=223015"},{"taxonomy":"product_tag","embeddable":true,"href":"https:\/\/rindunusantara.com\/id\/wp-json\/wp\/v2\/product_tag?post=223015"}],"curies":[{"name":"wp","href":"https:\/\/api.w.org\/{rel}","templated":true}]}}