{"id":223010,"date":"2021-04-25T17:33:13","date_gmt":"2021-04-25T17:33:13","guid":{"rendered":"https:\/\/conceptagent.dev\/wr\/?post_type=product&#038;p=223010"},"modified":"2026-03-28T23:55:29","modified_gmt":"2026-03-28T22:55:29","slug":"beef-rendang-gewuerzsosse","status":"publish","type":"product","link":"https:\/\/rindunusantara.com\/id\/shop\/beef-rendang-gewuerzsosse\/","title":{"rendered":"Saus bumbu rendang daging sapi"},"content":{"rendered":"<p>Rendang adalah makanan khas Indonesia yang mirip kari. Di luar perbatasan Indonesia, Rendang telah memantapkan dirinya di negara lain seperti Malaysia, Singapura atau bekas penjajahan Indonesia, Belanda. Untuk mencapai aroma bumbu rendang yang kuat, diperlukan lebih dari 12 bahan dan bumbu yang berbeda. Fakta bahwa rendang adalah hidangan istimewa mungkin juga dikonfirmasi oleh survei CNN International, di mana rendang terpilih sebagai hidangan terlezat di dunia pada tahun 2011.<\/p>","protected":false},"excerpt":{"rendered":"<p>Rendang ist ein indonesisches, Curry \u00e4hnliches Gericht. \u00dcber die Indonesische Landesgrenze hinaus, hat sich Rendang bereits in weiteren L\u00e4ndern wie Malaysia, Singapur oder der ehemaligen indonesischen Kolonialmacht, den Niederlanden, ethabliert. Um das intensive Aroma der Rendang Gew\u00fcrzso\u00dfe zu erreichen werden zur Herstellung mehr als 12 unterschiedliche Zutaten und Gew\u00fcrze ben\u00f6tigt. Das Rendang ein besonderes Gericht [&hellip;]<\/p>","protected":false},"featured_media":235472,"comment_status":"open","ping_status":"closed","template":"","meta":{"_et_pb_use_builder":"","_et_pb_old_content":"","_et_gb_content_width":""},"product_brand":[],"product_cat":[96],"product_tag":[],"class_list":{"0":"post-223010","1":"product","2":"type-product","3":"status-publish","4":"has-post-thumbnail","6":"product_cat-gewuerzsosse","7":"product_shipping_class-paket","9":"first","10":"instock","11":"shipping-taxable","12":"purchasable","13":"product-type-simple"},"_links":{"self":[{"href":"https:\/\/rindunusantara.com\/id\/wp-json\/wp\/v2\/product\/223010","targetHints":{"allow":["GET"]}}],"collection":[{"href":"https:\/\/rindunusantara.com\/id\/wp-json\/wp\/v2\/product"}],"about":[{"href":"https:\/\/rindunusantara.com\/id\/wp-json\/wp\/v2\/types\/product"}],"replies":[{"embeddable":true,"href":"https:\/\/rindunusantara.com\/id\/wp-json\/wp\/v2\/comments?post=223010"}],"wp:featuredmedia":[{"embeddable":true,"href":"https:\/\/rindunusantara.com\/id\/wp-json\/wp\/v2\/media\/235472"}],"wp:attachment":[{"href":"https:\/\/rindunusantara.com\/id\/wp-json\/wp\/v2\/media?parent=223010"}],"wp:term":[{"taxonomy":"product_brand","embeddable":true,"href":"https:\/\/rindunusantara.com\/id\/wp-json\/wp\/v2\/product_brand?post=223010"},{"taxonomy":"product_cat","embeddable":true,"href":"https:\/\/rindunusantara.com\/id\/wp-json\/wp\/v2\/product_cat?post=223010"},{"taxonomy":"product_tag","embeddable":true,"href":"https:\/\/rindunusantara.com\/id\/wp-json\/wp\/v2\/product_tag?post=223010"}],"curies":[{"name":"wp","href":"https:\/\/api.w.org\/{rel}","templated":true}]}}