{"id":223007,"date":"2021-04-25T17:30:41","date_gmt":"2021-04-25T15:30:41","guid":{"rendered":"https:\/\/conceptagent.dev\/wr\/?post_type=product&#038;p=223007"},"modified":"2025-01-01T21:46:54","modified_gmt":"2025-01-01T20:46:54","slug":"tempe-manis","status":"publish","type":"product","link":"https:\/\/rindunusantara.com\/id\/shop\/tempe-manis\/","title":{"rendered":"Tempe Manis"},"content":{"rendered":"<p>Als Tempeh werden fermentierte und anschlie\u00dfend gepresste Sojabohnen bezeichnet. Manis bedeutet auf indonesisch &#8222;s\u00fc\u00df&#8220;. Somit handelt es sich bei T\u00e9mpe Manis also um einen knusprig angebratene und leicht karamellisierte Snack aus Sojabohnen.<\/p>\n<p>Hidangan vegetarian ini berfungsi baik sebagai pendamping berbagai hidangan (seperti Nasi Campur) dan sebagai camilan di antara waktu makan.<\/p>\n<p>&nbsp;<\/p>","protected":false},"excerpt":{"rendered":"<p>Als Tempeh werden fermentierte und anschlie\u00dfend gepresste Sojabohnen bezeichnet. Manis bedeutet auf indonesisch &#8222;s\u00fc\u00df&#8220;. Somit handelt es sich bei T\u00e9mpe Manis also um einen knusprig angebratene und leicht karamellisierte Snack aus Sojabohnen. Dieses vegetarische Gericht funktioniert sowohl als Beilage zu unterschiedlichen Gerichten (wie z.B. Nasi Campur) als auch als Snack zwischendurch verzehrt werden. &nbsp;<\/p>","protected":false},"featured_media":235474,"comment_status":"open","ping_status":"closed","template":"","meta":{"_et_pb_use_builder":"","_et_pb_old_content":"","_et_gb_content_width":""},"product_brand":[],"product_cat":[99],"product_tag":[],"class_list":{"0":"post-223007","1":"product","2":"type-product","3":"status-publish","4":"has-post-thumbnail","6":"product_cat-beilagen","7":"product_shipping_class-paket","9":"first","10":"instock","11":"shipping-taxable","12":"purchasable","13":"product-type-simple"},"_links":{"self":[{"href":"https:\/\/rindunusantara.com\/id\/wp-json\/wp\/v2\/product\/223007","targetHints":{"allow":["GET"]}}],"collection":[{"href":"https:\/\/rindunusantara.com\/id\/wp-json\/wp\/v2\/product"}],"about":[{"href":"https:\/\/rindunusantara.com\/id\/wp-json\/wp\/v2\/types\/product"}],"replies":[{"embeddable":true,"href":"https:\/\/rindunusantara.com\/id\/wp-json\/wp\/v2\/comments?post=223007"}],"wp:featuredmedia":[{"embeddable":true,"href":"https:\/\/rindunusantara.com\/id\/wp-json\/wp\/v2\/media\/235474"}],"wp:attachment":[{"href":"https:\/\/rindunusantara.com\/id\/wp-json\/wp\/v2\/media?parent=223007"}],"wp:term":[{"taxonomy":"product_brand","embeddable":true,"href":"https:\/\/rindunusantara.com\/id\/wp-json\/wp\/v2\/product_brand?post=223007"},{"taxonomy":"product_cat","embeddable":true,"href":"https:\/\/rindunusantara.com\/id\/wp-json\/wp\/v2\/product_cat?post=223007"},{"taxonomy":"product_tag","embeddable":true,"href":"https:\/\/rindunusantara.com\/id\/wp-json\/wp\/v2\/product_tag?post=223007"}],"curies":[{"name":"wp","href":"https:\/\/api.w.org\/{rel}","templated":true}]}}