{"id":223004,"date":"2021-04-25T17:27:52","date_gmt":"2021-04-25T17:27:52","guid":{"rendered":"https:\/\/conceptagent.dev\/wr\/?post_type=product&#038;p=223004"},"modified":"2025-10-10T17:41:22","modified_gmt":"2025-10-10T15:41:22","slug":"mie-goreng-gewuerzsosse","status":"publish","type":"product","link":"https:\/\/rindunusantara.com\/id\/shop\/mie-goreng-gewuerzsosse\/","title":{"rendered":"Mie Goreng bumbu rempah"},"content":{"rendered":"<p>Mie Goreng adalah hidangan wajan yang terbuat dari mie, sayuran, bumbu dan ayam, daging atau makanan laut. Mie Goreng atau \u201cmie goreng\u201d adalah salah satu hidangan paling populer di Indonesia dan telah mendapatkan nama hidangan nasional.<\/p>\n<p>Awalnya, hidangan ini mungkin datang ke Indonesia melalui imigran Cina. Namun, di sana, hidangannya telah banyak berubah karena pengaruh India, Malaysia, dan akhirnya Indo-Cina.<\/p>\n<p>Hasilnya adalah Mie Goreng seperti yang ada di mana-mana di Indonesia saat ini dan ditawarkan di restoran kelas atas serta di warung kecil atau warung pinggir jalan.<\/p>\n<p>&nbsp;<\/p>","protected":false},"excerpt":{"rendered":"<p>Mie Goreng ist ein Wok Gericht aus Nudeln, Gem\u00fcse, Gew\u00fcrzen und Huhn, Fleisch oder Meeresfr\u00fcchten. Mie Goreng oder auch &#8222;gebartene Nudeln&#8220; ist eines der am weitesten verbreiteten Gerichte Indonesiens und hat durchaus die Bezeichnung Nationalgericht verdient. Urspr\u00fcnglich kam das Gericht wahrscheinlich durch chinesische Einwanderer nach Indonesien. Dort hat sich das Gericht aber durch indische, malaysische [&hellip;]<\/p>","protected":false},"featured_media":235475,"comment_status":"open","ping_status":"closed","template":"","meta":{"_et_pb_use_builder":"","_et_pb_old_content":"","_et_gb_content_width":""},"product_brand":[],"product_cat":[96],"product_tag":[],"class_list":{"0":"post-223004","1":"product","2":"type-product","3":"status-publish","4":"has-post-thumbnail","6":"product_cat-gewuerzsosse","7":"product_shipping_class-paket","9":"first","10":"instock","11":"shipping-taxable","12":"purchasable","13":"product-type-variable"},"_links":{"self":[{"href":"https:\/\/rindunusantara.com\/id\/wp-json\/wp\/v2\/product\/223004","targetHints":{"allow":["GET"]}}],"collection":[{"href":"https:\/\/rindunusantara.com\/id\/wp-json\/wp\/v2\/product"}],"about":[{"href":"https:\/\/rindunusantara.com\/id\/wp-json\/wp\/v2\/types\/product"}],"replies":[{"embeddable":true,"href":"https:\/\/rindunusantara.com\/id\/wp-json\/wp\/v2\/comments?post=223004"}],"wp:featuredmedia":[{"embeddable":true,"href":"https:\/\/rindunusantara.com\/id\/wp-json\/wp\/v2\/media\/235475"}],"wp:attachment":[{"href":"https:\/\/rindunusantara.com\/id\/wp-json\/wp\/v2\/media?parent=223004"}],"wp:term":[{"taxonomy":"product_brand","embeddable":true,"href":"https:\/\/rindunusantara.com\/id\/wp-json\/wp\/v2\/product_brand?post=223004"},{"taxonomy":"product_cat","embeddable":true,"href":"https:\/\/rindunusantara.com\/id\/wp-json\/wp\/v2\/product_cat?post=223004"},{"taxonomy":"product_tag","embeddable":true,"href":"https:\/\/rindunusantara.com\/id\/wp-json\/wp\/v2\/product_tag?post=223004"}],"curies":[{"name":"wp","href":"https:\/\/api.w.org\/{rel}","templated":true}]}}