{"id":223003,"date":"2021-04-25T17:27:17","date_gmt":"2021-04-25T17:27:17","guid":{"rendered":"https:\/\/conceptagent.dev\/wr\/?post_type=product&#038;p=223003"},"modified":"2025-12-12T12:56:40","modified_gmt":"2025-12-12T11:56:40","slug":"nasi-goreng-gewuerzsosse","status":"publish","type":"product","link":"https:\/\/rindunusantara.com\/id\/shop\/nasi-goreng-gewuerzsosse\/","title":{"rendered":"Sambal bumbu nasi goreng"},"content":{"rendered":"<p>Nasi Goreng mungkin adalah hidangan paling terkenal dari masakan Indonesia. Nasi Goreng, yang secara harfiah berarti nasi goreng, pada awalnya dibuat dengan membakar sisa sayuran dengan nasi dari hari sebelumnya dan biasanya disajikan untuk sarapan. Bahkan jika resep kami menunjukkan persiapan dengan ayam, Anda juga dapat menggantinya dengan ikan atau babi atau, untuk varian vegetarian, tidak menggunakan daging sama sekali.<\/p>\n<p>Dengan sayuran segar dan tambahan saus pedas, Anda mendapatkan sorotan lain dari masakan Indonesia dengan Nasi Goreng, yang harus menjadi menu setiap kali Anda bepergian ke Indonesia.<\/p>","protected":false},"excerpt":{"rendered":"<p>Nasi Goreng das wohl bekannteste Gericht aus der indonesischen K\u00fcche. Nasi Goreng was w\u00f6rtlich \u00fcbersetzt gebratener Reis bedeutet, entstand urspr\u00fcnglich dadurch, dass das restliche Gem\u00fcse mit Reis vom Vortag angebraten und meist schon zum Fr\u00fchst\u00fcck serviert wird. Auch wenn in unserem Rezept dir Zubereitung mit H\u00fchnchen gezeigt wird, kann man auch durch Fisch bzw. Schwein [&hellip;]<\/p>","protected":false},"featured_media":235476,"comment_status":"open","ping_status":"closed","template":"","meta":{"_et_pb_use_builder":"","_et_pb_old_content":"","_et_gb_content_width":""},"product_brand":[],"product_cat":[96],"product_tag":[],"class_list":{"0":"post-223003","1":"product","2":"type-product","3":"status-publish","4":"has-post-thumbnail","6":"product_cat-gewuerzsosse","7":"product_shipping_class-paket","9":"first","10":"instock","11":"shipping-taxable","12":"purchasable","13":"product-type-simple"},"_links":{"self":[{"href":"https:\/\/rindunusantara.com\/id\/wp-json\/wp\/v2\/product\/223003","targetHints":{"allow":["GET"]}}],"collection":[{"href":"https:\/\/rindunusantara.com\/id\/wp-json\/wp\/v2\/product"}],"about":[{"href":"https:\/\/rindunusantara.com\/id\/wp-json\/wp\/v2\/types\/product"}],"replies":[{"embeddable":true,"href":"https:\/\/rindunusantara.com\/id\/wp-json\/wp\/v2\/comments?post=223003"}],"wp:featuredmedia":[{"embeddable":true,"href":"https:\/\/rindunusantara.com\/id\/wp-json\/wp\/v2\/media\/235476"}],"wp:attachment":[{"href":"https:\/\/rindunusantara.com\/id\/wp-json\/wp\/v2\/media?parent=223003"}],"wp:term":[{"taxonomy":"product_brand","embeddable":true,"href":"https:\/\/rindunusantara.com\/id\/wp-json\/wp\/v2\/product_brand?post=223003"},{"taxonomy":"product_cat","embeddable":true,"href":"https:\/\/rindunusantara.com\/id\/wp-json\/wp\/v2\/product_cat?post=223003"},{"taxonomy":"product_tag","embeddable":true,"href":"https:\/\/rindunusantara.com\/id\/wp-json\/wp\/v2\/product_tag?post=223003"}],"curies":[{"name":"wp","href":"https:\/\/api.w.org\/{rel}","templated":true}]}}