{"id":223002,"date":"2021-04-25T17:26:21","date_gmt":"2021-04-25T17:26:21","guid":{"rendered":"https:\/\/conceptagent.dev\/wr\/?post_type=product&#038;p=223002"},"modified":"2026-04-18T11:30:12","modified_gmt":"2026-04-18T09:30:12","slug":"ayam-kecap-gewuerzsosse","status":"publish","type":"product","link":"https:\/\/rindunusantara.com\/id\/shop\/ayam-kecap-gewuerzsosse\/","title":{"rendered":"Sambal bumbu ayam kecap"},"content":{"rendered":"<p>Ayam Kecap adalah ayam kecap manis. Meskipun persiapan hidangan ini sangat sederhana di mana ayam goreng dicampur dengan kecap asin yang sedikit berkurang, Anda juga bisa mendapatkan cita rasa masakan Indonesia di ruang tamu Anda. Saus rempah-rempah aromatik membungkus ayam yang lembut sebagai cangkang yang manis dan berkilauan saat dimasak. Dikombinasikan dengan nasi melati yang dimasak, Anda mendapatkan hidangan eksotis untuk seluruh keluarga.<\/p>","protected":false},"excerpt":{"rendered":"<p>Ayam Kecap ist H\u00e4hnchen in s\u00fc\u00dfer Sojaso\u00dfe. Trotz der sehr einfachen Zubereitung dieses Gericht bei welchem das gebratene H\u00e4hnchen mit der etwas reduzierten Soja,- Gew\u00fcrzso\u00dfe vermischt wird, bekommt man auch hier den individuellen Geschmack der indonesischen K\u00fcche ins heimische Wohnzimmer. Die aromatische Gew\u00fcrzso\u00dfe legt sich beim kochen als s\u00fc\u00dfe schimmernde H\u00fclle um das zarte H\u00e4hnchenfleisch. [&hellip;]<\/p>","protected":false},"featured_media":235477,"comment_status":"open","ping_status":"closed","template":"","meta":{"_et_pb_use_builder":"","_et_pb_old_content":"","_et_gb_content_width":""},"product_brand":[],"product_cat":[96],"product_tag":[],"class_list":{"0":"post-223002","1":"product","2":"type-product","3":"status-publish","4":"has-post-thumbnail","6":"product_cat-gewuerzsosse","7":"product_shipping_class-paket","9":"first","10":"instock","11":"shipping-taxable","12":"purchasable","13":"product-type-simple"},"_links":{"self":[{"href":"https:\/\/rindunusantara.com\/id\/wp-json\/wp\/v2\/product\/223002","targetHints":{"allow":["GET"]}}],"collection":[{"href":"https:\/\/rindunusantara.com\/id\/wp-json\/wp\/v2\/product"}],"about":[{"href":"https:\/\/rindunusantara.com\/id\/wp-json\/wp\/v2\/types\/product"}],"replies":[{"embeddable":true,"href":"https:\/\/rindunusantara.com\/id\/wp-json\/wp\/v2\/comments?post=223002"}],"wp:featuredmedia":[{"embeddable":true,"href":"https:\/\/rindunusantara.com\/id\/wp-json\/wp\/v2\/media\/235477"}],"wp:attachment":[{"href":"https:\/\/rindunusantara.com\/id\/wp-json\/wp\/v2\/media?parent=223002"}],"wp:term":[{"taxonomy":"product_brand","embeddable":true,"href":"https:\/\/rindunusantara.com\/id\/wp-json\/wp\/v2\/product_brand?post=223002"},{"taxonomy":"product_cat","embeddable":true,"href":"https:\/\/rindunusantara.com\/id\/wp-json\/wp\/v2\/product_cat?post=223002"},{"taxonomy":"product_tag","embeddable":true,"href":"https:\/\/rindunusantara.com\/id\/wp-json\/wp\/v2\/product_tag?post=223002"}],"curies":[{"name":"wp","href":"https:\/\/api.w.org\/{rel}","templated":true}]}}