{"id":223001,"date":"2021-04-25T17:25:34","date_gmt":"2021-04-25T17:25:34","guid":{"rendered":"https:\/\/conceptagent.dev\/wr\/?post_type=product&#038;p=223001"},"modified":"2026-04-18T11:30:12","modified_gmt":"2026-04-18T09:30:12","slug":"suwir-bali-gewuerzsosse","status":"publish","type":"product","link":"https:\/\/rindunusantara.com\/id\/shop\/suwir-bali-gewuerzsosse\/","title":{"rendered":"Saus Bumbu Suwir Bali"},"content":{"rendered":"<p>Suwir Bali atau &quot;Ayam&quot; Suwir adalah hidangan wajan Bali yang berbahan dasar ayam (Ayam) atau babi (Babi). Saus pedas yang disajikan dengan potongan daging berserat ini mendapatkan rasa pedas, aromatik dan intens dari jahe dan umbi kunyit yang terkandung dalam sebagian besar. Ayam Suwir adalah, jika tidak disajikan sebagai hidangan tunggal dengan nasi, merupakan komponen penting dari hidangan nasional \u201cNasi Campur\u201d, yang sangat populer di seluruh Indonesia, di mana sekitar 8-10 hidangan utama yang berbeda disajikan. disajikan dalam porsi kecil dengan nasi matang.<\/p>\n<p>&nbsp;<\/p>","protected":false},"excerpt":{"rendered":"<p>Suwir Bali oder auch &#8220; Ayam&#8220; Suwir ist ein balinesisches Wokgericht, bei welchem entweder H\u00fchnchen (Ayam) oder Schweinefleisch (Babi) die Grundlage bilden. Die Gew\u00fcrzso\u00dfe in welcher die faserig zerteilten Fleischst\u00fccke serviert werden, erh\u00e4lt ihren w\u00fcrzig, aromatischen und intensiven Geschmack durch die zu gro\u00dfen Teilen enthaltenen Ingwer und Kurkumaknollen. Ayam Suwir ist wenn es nicht als [&hellip;]<\/p>","protected":false},"featured_media":235478,"comment_status":"open","ping_status":"closed","template":"","meta":{"_et_pb_use_builder":"","_et_pb_old_content":"","_et_gb_content_width":""},"product_brand":[],"product_cat":[96],"product_tag":[],"class_list":{"0":"post-223001","1":"product","2":"type-product","3":"status-publish","4":"has-post-thumbnail","6":"product_cat-gewuerzsosse","7":"product_shipping_class-paket","9":"first","10":"instock","11":"shipping-taxable","12":"purchasable","13":"product-type-simple"},"_links":{"self":[{"href":"https:\/\/rindunusantara.com\/id\/wp-json\/wp\/v2\/product\/223001","targetHints":{"allow":["GET"]}}],"collection":[{"href":"https:\/\/rindunusantara.com\/id\/wp-json\/wp\/v2\/product"}],"about":[{"href":"https:\/\/rindunusantara.com\/id\/wp-json\/wp\/v2\/types\/product"}],"replies":[{"embeddable":true,"href":"https:\/\/rindunusantara.com\/id\/wp-json\/wp\/v2\/comments?post=223001"}],"wp:featuredmedia":[{"embeddable":true,"href":"https:\/\/rindunusantara.com\/id\/wp-json\/wp\/v2\/media\/235478"}],"wp:attachment":[{"href":"https:\/\/rindunusantara.com\/id\/wp-json\/wp\/v2\/media?parent=223001"}],"wp:term":[{"taxonomy":"product_brand","embeddable":true,"href":"https:\/\/rindunusantara.com\/id\/wp-json\/wp\/v2\/product_brand?post=223001"},{"taxonomy":"product_cat","embeddable":true,"href":"https:\/\/rindunusantara.com\/id\/wp-json\/wp\/v2\/product_cat?post=223001"},{"taxonomy":"product_tag","embeddable":true,"href":"https:\/\/rindunusantara.com\/id\/wp-json\/wp\/v2\/product_tag?post=223001"}],"curies":[{"name":"wp","href":"https:\/\/api.w.org\/{rel}","templated":true}]}}