{"id":222996,"date":"2021-04-10T16:10:08","date_gmt":"2021-04-10T16:10:08","guid":{"rendered":"https:\/\/conceptagent.dev\/wr\/?post_type=product&#038;p=222996"},"modified":"2026-03-27T21:38:46","modified_gmt":"2026-03-27T20:38:46","slug":"ayam-betutu-gewuerzsosse","status":"publish","type":"product","link":"https:\/\/rindunusantara.com\/id\/shop\/ayam-betutu-gewuerzsosse\/","title":{"rendered":"Sambal bumbu ayam betutu"},"content":{"rendered":"<p>[et_pb_section bb_built=&#8220;1&#8243;][et_pb_row][et_pb_column type=&#8220;4_4&#8243;][et_pb_text]<\/p>\n<p>Die Ayam Betutu Gew\u00fcrzso\u00dfe ist eine Spezialit\u00e4t von der indonesischen Insel Bali. Dieses Gericht wurde in der Vergangenheit meist zu Festivit\u00e4ten oder Zeremonien bei welchen viele Familienmitglieder zusammenkommen serviert. Auch wenn der Name des Gerichts Ayam Betutu ist, was soviel bedeutet wie &#8222;H\u00e4hnchen in Betutu Gew\u00fcrzso\u00dfe&#8220;, kann Anstelle des H\u00e4hnchens auch eine Ente (Bebek)\u00a0 verwendet werden. Durch die Verwendung von mehr als 10 frischen Zutaten wie z.B. Ingwer oder Kurkuma, bekommt diese So\u00dfe Ihr einzigartig instensiv, exotisch, pikantes Aroma. Sie k\u00f6nnen sich entweder f\u00fcr die &#8222;original&#8220; Variante entscheiden welche lediglich durch die Gew\u00fcrze etwas pikant ist oder Sie w\u00e4hlen die Variante &#8222;spicy&#8220; welche durch Bird Eye Chilis noch eine extra Portion an Sch\u00e4rfe mitbringt. Wenn du also einmal den traditionellen Geschmack Balis zu dir nach Hause holen m\u00f6chtest, ist Ayam Betutu genau das richtige daf\u00fcr.<\/p>\n<p>[\/et_pb_text][\/et_pb_column][\/et_pb_row][\/et_pb_section]<\/p>","protected":false},"excerpt":{"rendered":"<p>Sambal rempah khas Bali untuk ayam atau bebek, yang menghadirkan intensitas tak tertandingi melalui berbagai bumbu.<\/p>","protected":false},"featured_media":235479,"comment_status":"open","ping_status":"closed","template":"","meta":{"_et_pb_use_builder":"on","_et_pb_old_content":"Die Ayam Betutu Gew\u00fcrzso\u00dfe ist eine Spezialit\u00e4t von der indonesischen Insel Bali. Dieses Gericht wurde in der Vergangenheit meist zu Festivit\u00e4ten oder Zeremonien bei welchen viele Familienmitglieder zusammenkommen serviert. Auch wenn der Name des Gerichts Ayam Betutu ist, was soviel bedeutet wie \"H\u00e4hnchen in Betutu Gew\u00fcrzso\u00dfe\", kann Anstelle des H\u00e4hnchens auch eine Ente (Bebek)\u00a0 verwendet werden. Durch die Verwendung von mehr als 10 frischen Zutaten wie z.B. Ingwer oder Kurkuma, bekommt diese So\u00dfe Ihr einzigartig instensiv, exotisch, pikantes Aroma. Sie k\u00f6nnen sich entweder f\u00fcr die \"original\" Variante entscheiden welche lediglich durch die Gew\u00fcrze etwas pikant ist oder Sie w\u00e4hlen die Variante \"spicy\" welche durch Bird Eye Chilis noch eine extra Portion an Sch\u00e4rfe mitbringt. Wenn du also einmal den traditionellen Geschmack Balis zu dir nach Hause holen m\u00f6chtest, ist Ayam Betutu genau das richtige daf\u00fcr.","_et_gb_content_width":""},"product_brand":[],"product_cat":[96],"product_tag":[],"class_list":{"0":"post-222996","1":"product","2":"type-product","3":"status-publish","4":"has-post-thumbnail","6":"product_cat-gewuerzsosse","7":"product_shipping_class-paket","9":"first","10":"instock","11":"shipping-taxable","12":"purchasable","13":"product-type-variable"},"_links":{"self":[{"href":"https:\/\/rindunusantara.com\/id\/wp-json\/wp\/v2\/product\/222996","targetHints":{"allow":["GET"]}}],"collection":[{"href":"https:\/\/rindunusantara.com\/id\/wp-json\/wp\/v2\/product"}],"about":[{"href":"https:\/\/rindunusantara.com\/id\/wp-json\/wp\/v2\/types\/product"}],"replies":[{"embeddable":true,"href":"https:\/\/rindunusantara.com\/id\/wp-json\/wp\/v2\/comments?post=222996"}],"wp:featuredmedia":[{"embeddable":true,"href":"https:\/\/rindunusantara.com\/id\/wp-json\/wp\/v2\/media\/235479"}],"wp:attachment":[{"href":"https:\/\/rindunusantara.com\/id\/wp-json\/wp\/v2\/media?parent=222996"}],"wp:term":[{"taxonomy":"product_brand","embeddable":true,"href":"https:\/\/rindunusantara.com\/id\/wp-json\/wp\/v2\/product_brand?post=222996"},{"taxonomy":"product_cat","embeddable":true,"href":"https:\/\/rindunusantara.com\/id\/wp-json\/wp\/v2\/product_cat?post=222996"},{"taxonomy":"product_tag","embeddable":true,"href":"https:\/\/rindunusantara.com\/id\/wp-json\/wp\/v2\/product_tag?post=222996"}],"curies":[{"name":"wp","href":"https:\/\/api.w.org\/{rel}","templated":true}]}}