{"id":223915,"date":"2021-07-14T08:19:42","date_gmt":"2021-07-14T08:19:42","guid":{"rendered":"https:\/\/warungrebelle.com\/?page_id=223915"},"modified":"2023-07-09T17:09:44","modified_gmt":"2023-07-09T15:09:44","slug":"widerrufsbelehrung","status":"publish","type":"page","link":"https:\/\/rindunusantara.com\/id\/widerrufsbelehrung\/","title":{"rendered":"Hak penarikan"},"content":{"rendered":"<h3>Hak Penarikan<\/h3>\n<p>(Konsumen adalah setiap orang yang melakukan transaksi legal untuk tujuan yang sebagian besar bukan komersial atau aktivitas profesional independen mereka.)<\/p>\n<h1>Hak penarikan<\/h1>\n<h3>Hak penarikan<\/h3>\n<p>Anda berhak untuk membatalkan kontrak ini dalam waktu empat belas hari tanpa memberikan alasan apa pun.<\/p>\n<p>Periode penarikan adalah empat belas hari dari hari<\/p>\n<ul>\n<li>di mana Anda atau pihak ketiga yang disebutkan oleh Anda, yang bukan pengangkut, telah atau telah mengambil alih barang, dengan ketentuan bahwa Anda telah memesan satu atau lebih barang sebagai bagian dari pesanan seragam dan barang tersebut sedang atau akan dikirimkan secara seragam, atau<\/li>\n<li>di mana Anda atau pihak ketiga yang Anda sebutkan, yang bukan pengangkut, telah atau telah menguasai barang-barang terakhir, dengan ketentuan bahwa Anda telah memesan beberapa barang sebagai bagian dari satu pesanan dan barang-barang tersebut dikirimkan secara terpisah, atau<\/li>\n<li>di mana Anda atau pihak ketiga yang Anda sebutkan, yang bukan pengangkut, telah atau telah menguasai sebagian kiriman terakhir atau kiriman terakhir, asalkan Anda telah memesan barang yang dikirimkan dalam beberapa kiriman sebagian atau sebagian, atau<\/li>\n<li>di mana Anda atau pihak ketiga yang disebutkan oleh Anda, yang bukan pengangkut, telah atau telah mengambil alih barang pertama, asalkan Anda telah menandatangani kontrak untuk pengiriman barang secara teratur selama jangka waktu tertentu.<\/li>\n<\/ul>\n<p>Um Ihr Widerrufsrecht auszu\u00fcben, m\u00fcssen Sie uns (Stefan Linse, Am T\u00f6pferofen 45, 85586 Poing, Deutschland, Telefonnummer: +49 151 12722629, E-Mail-Adresse: rindu.nusantara@gmx.de)\u00a0mittels einer eindeutigen Erkl\u00e4rung (z.B. ein mit der Post versandter Brief, E-Mail) \u00fcber Ihren Entschluss, diesen Vertrag zu widerrufen, informieren. Sie k\u00f6nnen daf\u00fcr das beigef\u00fcgte Muster-Widerrufsformular verwenden, das jedoch nicht vorgeschrieben ist.<\/p>\n<p>Untuk memenuhi tenggat waktu penarikan, Anda cukup mengirimkan pemberitahuan untuk menggunakan hak penarikan Anda sebelum periode penarikan berakhir.<\/p>\n<h3>Konsekuensi penarikan<\/h3>\n<p>Jika Anda menarik diri dari kontrak ini, kami akan memberikan Anda semua pembayaran yang telah kami terima dari Anda, termasuk biaya pengiriman (dengan pengecualian biaya tambahan yang dihasilkan dari memilih jenis pengiriman yang berbeda dari pengiriman standar termurah yang kami tawarkan ), untuk dilunasi segera dan selambat-lambatnya dalam waktu empat belas hari sejak hari kami menerima pemberitahuan pembatalan kontrak ini oleh Anda. Untuk pembayaran ini, kami akan menggunakan cara pembayaran yang sama dengan yang Anda gunakan untuk transaksi awal, kecuali jika ada hal lain yang secara tegas disetujui dengan Anda; Dalam hal apa pun Anda tidak akan dikenakan biaya apa pun untuk pembayaran ini.<\/p>\n<p>Kami dapat menolak pembayaran sampai kami menerima barang kembali atau sampai Anda memberikan bukti bahwa Anda telah mengirim barang kembali, mana yang lebih dulu.<\/p>\n<p>Anda harus segera mengembalikan atau menyerahkan barang kepada kami dan dalam hal apa pun selambat-lambatnya empat belas hari sejak tanggal Anda memberi tahu kami tentang pembatalan kontrak ini. Batas waktu terpenuhi jika Anda mengirim barang sebelum jangka waktu empat belas hari berakhir.<\/p>\n<p>Anda menanggung biaya langsung pengembalian barang.<\/p>\n<p>Anda hanya perlu membayar kerugian nilai barang jika kerugian nilai ini disebabkan oleh penanganan barang yang tidak perlu untuk memeriksa sifat, sifat dan fungsi barang.<\/p>\n<h2>Formulir penarikan model<\/h2>\n<p>(Jika Anda ingin membatalkan kontrak, harap isi formulir ini dan kirimkan kembali.)<\/p>\n<p>- Pada<\/p>\n<p>Stefan Linse, Am T\u00f6pferofen 45, 85586 Poing, Deutschland, Telefonnummer: +49 151 12722629, E-Mail-Adresse: rindu.nusantara@gmx.de<\/p>\n<p>- Saya \/ kami (*) dengan ini mencabut kontrak yang dibuat oleh saya \/ kami (*) untuk pembelian barang berikut (*) \/ penyediaan layanan berikut (*)<\/p>\n<p>- Dipesan pada (*) \/ diterima pada (*)<\/p>\n<p>- Nama konsumen (s)<\/p>\n<p>- Alamat konsumen<\/p>\n<p>- Tanda tangan konsumen (hanya jika ini dikomunikasikan di atas kertas)<\/p>\n<p>- Tanggal<\/p>\n<p>___________<br \/>\n(*) Hapus jika tidak dapat diterapkan.<\/p>","protected":false},"excerpt":{"rendered":"<p>Widerrufsrecht f\u00fcr Verbraucher (Verbraucher ist jede nat\u00fcrliche Person, die ein Rechtsgesch\u00e4ft zu Zwecken abschlie\u00dft, die \u00fcberwiegend weder ihrer gewerblichen noch ihrer selbstst\u00e4ndigen beruflichen T\u00e4tigkeit zugerechnet werden kann.) Widerrufsbelehrung Widerrufsrecht Sie haben das Recht, binnen vierzehn Tagen ohne Angabe von Gr\u00fcnden diesen Vertrag zu widerrufen. Die Widerrufsfrist betr\u00e4gt vierzehn Tage ab dem Tag, an dem Sie [&hellip;]<\/p>","protected":false},"author":1,"featured_media":0,"parent":0,"menu_order":0,"comment_status":"closed","ping_status":"closed","template":"","meta":{"_et_pb_use_builder":"on","_et_pb_old_content":"<!-- wp:shortcode -->\n[woocommerce_my_account]\n<!-- \/wp:shortcode -->","_et_gb_content_width":"1080","footnotes":""},"class_list":["post-223915","page","type-page","status-publish","hentry"],"_links":{"self":[{"href":"https:\/\/rindunusantara.com\/id\/wp-json\/wp\/v2\/pages\/223915","targetHints":{"allow":["GET"]}}],"collection":[{"href":"https:\/\/rindunusantara.com\/id\/wp-json\/wp\/v2\/pages"}],"about":[{"href":"https:\/\/rindunusantara.com\/id\/wp-json\/wp\/v2\/types\/page"}],"author":[{"embeddable":true,"href":"https:\/\/rindunusantara.com\/id\/wp-json\/wp\/v2\/users\/1"}],"replies":[{"embeddable":true,"href":"https:\/\/rindunusantara.com\/id\/wp-json\/wp\/v2\/comments?post=223915"}],"version-history":[{"count":0,"href":"https:\/\/rindunusantara.com\/id\/wp-json\/wp\/v2\/pages\/223915\/revisions"}],"wp:attachment":[{"href":"https:\/\/rindunusantara.com\/id\/wp-json\/wp\/v2\/media?parent=223915"}],"curies":[{"name":"wp","href":"https:\/\/api.w.org\/{rel}","templated":true}]}}