{"id":224393,"date":"2021-08-25T12:54:40","date_gmt":"2021-08-25T12:54:40","guid":{"rendered":"https:\/\/warungrebelle.com\/?post_type=product&#038;p=224393"},"modified":"2025-12-12T12:57:10","modified_gmt":"2025-12-12T11:57:10","slug":"gado-gado","status":"publish","type":"product","link":"https:\/\/rindunusantara.com\/en\/shop\/gado-gado\/","title":{"rendered":"Gado-Gado"},"content":{"rendered":"<p>Gado Gado is a vegetable salad served with peanut sauce, which is typically consumed warm and is not only enthusiastic about vegitarianism.<\/p>\n<p>Unsere RINDU NUSANTARA GADO-GADO GEW\u00dcRZSO\u00dfE bietet dir die ideale Grundlage um den intensiv nussigen Geschmack der Erdnussso\u00dfe im Handumdrehen zuzubereiten und dieses leckere, gesunde Gericht selbst Zuhause nachzukochen.<\/p>\n<p>Thanks to the delicious, thick peanut sauce, the colorful vegetable salad is also suitable as a main meal.<\/p>\n<p>&nbsp;<\/p>","protected":false},"excerpt":{"rendered":"<p>Gado Gado ist ein mit Erdnussso\u00dfe servierter Gem\u00fcsesalat, der typischerweise warm verzehrt wird und sichlich nicht nur vegitarier begeistert. Unsere RINDU NUSANTARA GADO-GADO GEW\u00dcRZSO\u00dfE bietet dir die ideale Grundlage um den intensiv nussigen Geschmack der Erdnussso\u00dfe im Handumdrehen zuzubereiten und dieses leckere, gesunde Gericht selbst Zuhause nachzukochen. Durch die k\u00f6stliche, dickfl\u00fcssige Erdnussso\u00dfe ist der bunte [&hellip;]<\/p>","protected":false},"featured_media":235470,"comment_status":"open","ping_status":"closed","template":"","meta":{"_et_pb_use_builder":"","_et_pb_old_content":"","_et_gb_content_width":""},"product_brand":[],"product_cat":[96],"product_tag":[],"class_list":{"0":"post-224393","1":"product","2":"type-product","3":"status-publish","4":"has-post-thumbnail","6":"product_cat-gewuerzsosse","7":"product_shipping_class-paket","9":"first","10":"instock","11":"shipping-taxable","12":"purchasable","13":"product-type-simple"},"_links":{"self":[{"href":"https:\/\/rindunusantara.com\/en\/wp-json\/wp\/v2\/product\/224393","targetHints":{"allow":["GET"]}}],"collection":[{"href":"https:\/\/rindunusantara.com\/en\/wp-json\/wp\/v2\/product"}],"about":[{"href":"https:\/\/rindunusantara.com\/en\/wp-json\/wp\/v2\/types\/product"}],"replies":[{"embeddable":true,"href":"https:\/\/rindunusantara.com\/en\/wp-json\/wp\/v2\/comments?post=224393"}],"wp:featuredmedia":[{"embeddable":true,"href":"https:\/\/rindunusantara.com\/en\/wp-json\/wp\/v2\/media\/235470"}],"wp:attachment":[{"href":"https:\/\/rindunusantara.com\/en\/wp-json\/wp\/v2\/media?parent=224393"}],"wp:term":[{"taxonomy":"product_brand","embeddable":true,"href":"https:\/\/rindunusantara.com\/en\/wp-json\/wp\/v2\/product_brand?post=224393"},{"taxonomy":"product_cat","embeddable":true,"href":"https:\/\/rindunusantara.com\/en\/wp-json\/wp\/v2\/product_cat?post=224393"},{"taxonomy":"product_tag","embeddable":true,"href":"https:\/\/rindunusantara.com\/en\/wp-json\/wp\/v2\/product_tag?post=224393"}],"curies":[{"name":"wp","href":"https:\/\/api.w.org\/{rel}","templated":true}]}}