{"id":223872,"date":"2021-07-04T20:19:42","date_gmt":"2021-07-04T20:19:42","guid":{"rendered":"https:\/\/conceptagent.dev\/wr\/?post_type=product&#038;p=223872"},"modified":"2025-01-01T22:47:29","modified_gmt":"2025-01-01T21:47:29","slug":"sambal-bbq","status":"publish","type":"product","link":"https:\/\/rindunusantara.com\/en\/shop\/sambal-bbq\/","title":{"rendered":"Sambal BBQ"},"content":{"rendered":"<p>[et_pb_section bb_built=\u201d1\u2033][et_pb_row][et_pb_column type=\u201d4_4\u2033][et_pb_text]<\/p>\n<p>Taste: smoky, sweet, spicy<\/p>\n<p>Mainly used for: grilled food<\/p>\n<p>Indonesian chili sauces or pastes are called sambal. These hot sauces are typically made from a mixture of garlic, ginger, onions, palm sugar, lime juice and a variety of chili peppers.<\/p>\n<p>With the appropriate sambal sauces, Asian dishes as well as dishes from Western cuisine can be given additional spiciness and spice.<\/p>\n<p>[\/et_pb_text][\/et_pb_column][\/et_pb_row][\/et_pb_section]<\/p>","protected":false},"excerpt":{"rendered":"<p><div class=\"et_pb_row et_pb_row_0 et_pb_row_empty\">\n\t\t\t\t\n\t\t\t\t\n\t\t\t\t\n\t\t\t\t\n\t\t\t\t\n\t\t\t<\/div><div class=\"et_pb_module et_pb_text et_pb_text_0  et_pb_text_align_left et_pb_bg_layout_light\">\n\t\t\t\t\n\t\t\t\t\n\t\t\t\t\n\t\t\t\t\n\t\t\t\t\n\t\t\t<\/div> Flavor: smoky, sweet, hot Mainly used for: Grilled food Sambal is the name given to Indonesian chilli sauces or pastes. These hot sauces are typically made with a mixture of garlic, ginger, onions, palm sugar, lime juice, and a variety of chilies. With the appropriate sambal sauces, Asian dishes as well as dishes from Western cuisine can be given an additional [\u2026]<\/p>","protected":false},"featured_media":223700,"comment_status":"open","ping_status":"closed","template":"","meta":{"_et_pb_use_builder":"on","_et_pb_old_content":"Geschmack: rauchig, s\u00fc\u00df, scharf\r\n\r\nWird haupts\u00e4chlich verwendet f\u00fcr: Gegrilltes\r\n\r\nAls Sambal bezeichnet man indonesische Chiliso\u00dfen oder Pasten. Diese scharfen So\u00dfen werden typischerweise aus einer Mischung von Knoblauch, Ingwer, Zwiebeln, Palmzucker, Limettensaft und unterschiedlichsten Chilischoten hergestellt.\r\n\r\nMit den entsprechenden Sambalso\u00dfen kann sowohl asiatischen Gerichten als auch Gerichten aus der westlichen K\u00fcche eine zus\u00e4tzliche Sch\u00e4rfe und W\u00fcrze verliehen werden.","_et_gb_content_width":""},"product_brand":[],"product_cat":[98],"product_tag":[],"class_list":{"0":"post-223872","1":"product","2":"type-product","3":"status-publish","4":"has-post-thumbnail","6":"product_cat-sambal","7":"product_shipping_class-paket","9":"first","10":"instock","11":"shipping-taxable","12":"purchasable","13":"product-type-simple"},"_links":{"self":[{"href":"https:\/\/rindunusantara.com\/en\/wp-json\/wp\/v2\/product\/223872","targetHints":{"allow":["GET"]}}],"collection":[{"href":"https:\/\/rindunusantara.com\/en\/wp-json\/wp\/v2\/product"}],"about":[{"href":"https:\/\/rindunusantara.com\/en\/wp-json\/wp\/v2\/types\/product"}],"replies":[{"embeddable":true,"href":"https:\/\/rindunusantara.com\/en\/wp-json\/wp\/v2\/comments?post=223872"}],"wp:featuredmedia":[{"embeddable":true,"href":"https:\/\/rindunusantara.com\/en\/wp-json\/wp\/v2\/media\/223700"}],"wp:attachment":[{"href":"https:\/\/rindunusantara.com\/en\/wp-json\/wp\/v2\/media?parent=223872"}],"wp:term":[{"taxonomy":"product_brand","embeddable":true,"href":"https:\/\/rindunusantara.com\/en\/wp-json\/wp\/v2\/product_brand?post=223872"},{"taxonomy":"product_cat","embeddable":true,"href":"https:\/\/rindunusantara.com\/en\/wp-json\/wp\/v2\/product_cat?post=223872"},{"taxonomy":"product_tag","embeddable":true,"href":"https:\/\/rindunusantara.com\/en\/wp-json\/wp\/v2\/product_tag?post=223872"}],"curies":[{"name":"wp","href":"https:\/\/api.w.org\/{rel}","templated":true}]}}