{"id":223008,"date":"2021-04-25T17:31:15","date_gmt":"2021-04-25T17:31:15","guid":{"rendered":"https:\/\/conceptagent.dev\/wr\/?post_type=product&#038;p=223008"},"modified":"2025-10-10T17:41:22","modified_gmt":"2025-10-10T15:41:22","slug":"satay","status":"publish","type":"product","link":"https:\/\/rindunusantara.com\/en\/shop\/satay\/","title":{"rendered":"Satay"},"content":{"rendered":"<p>Satay is the name given to the small pieces of meat lined up on wooden skewers that are later cooked crispy on a (charcoal) grill. A spicy peanut sauce is served with it.<\/p>\n<p>Unsere RINDU NUSANTARA SATAY Gew\u00fcrzso\u00dfe bietet dir die ideale Grundlage um den intensiv nussigen Geschmack der Erdnussso\u00dfe im handumdrehen selbst Zuhause nachzukochen.<\/p>\n<p>Satay can be served either as finger food or in the appropriate amount as a main course.<\/p>","protected":false},"excerpt":{"rendered":"<p>Als Satay bezeichnet man die auf Holzspie\u00dfen aufgereihten kleinen Fleischst\u00fcckchen die sp\u00e4ter auf einem (Holzkohle)grill knusprig zubereitet werden. Dazu wird eine pikante Erdnussso\u00dfe serviert. Unsere RINDU NUSANTARA SATAY Gew\u00fcrzso\u00dfe bietet dir die ideale Grundlage um den intensiv nussigen Geschmack der Erdnussso\u00dfe im handumdrehen selbst Zuhause nachzukochen. Satay kann wahlweise als Fingerfood oder in entsprechender Menge [&hellip;]<\/p>","protected":false},"featured_media":223734,"comment_status":"open","ping_status":"closed","template":"","meta":{"_et_pb_use_builder":"","_et_pb_old_content":"","_et_gb_content_width":""},"product_brand":[],"product_cat":[96],"product_tag":[],"class_list":{"0":"post-223008","1":"product","2":"type-product","3":"status-publish","4":"has-post-thumbnail","6":"product_cat-gewuerzsosse","7":"product_shipping_class-paket","9":"first","10":"instock","11":"shipping-taxable","12":"purchasable","13":"product-type-variable"},"_links":{"self":[{"href":"https:\/\/rindunusantara.com\/en\/wp-json\/wp\/v2\/product\/223008","targetHints":{"allow":["GET"]}}],"collection":[{"href":"https:\/\/rindunusantara.com\/en\/wp-json\/wp\/v2\/product"}],"about":[{"href":"https:\/\/rindunusantara.com\/en\/wp-json\/wp\/v2\/types\/product"}],"replies":[{"embeddable":true,"href":"https:\/\/rindunusantara.com\/en\/wp-json\/wp\/v2\/comments?post=223008"}],"wp:featuredmedia":[{"embeddable":true,"href":"https:\/\/rindunusantara.com\/en\/wp-json\/wp\/v2\/media\/223734"}],"wp:attachment":[{"href":"https:\/\/rindunusantara.com\/en\/wp-json\/wp\/v2\/media?parent=223008"}],"wp:term":[{"taxonomy":"product_brand","embeddable":true,"href":"https:\/\/rindunusantara.com\/en\/wp-json\/wp\/v2\/product_brand?post=223008"},{"taxonomy":"product_cat","embeddable":true,"href":"https:\/\/rindunusantara.com\/en\/wp-json\/wp\/v2\/product_cat?post=223008"},{"taxonomy":"product_tag","embeddable":true,"href":"https:\/\/rindunusantara.com\/en\/wp-json\/wp\/v2\/product_tag?post=223008"}],"curies":[{"name":"wp","href":"https:\/\/api.w.org\/{rel}","templated":true}]}}