{"id":223005,"date":"2021-04-25T19:28:31","date_gmt":"2021-04-25T17:28:31","guid":{"rendered":"https:\/\/conceptagent.dev\/wr\/?post_type=product&#038;p=223005"},"modified":"2026-03-27T21:36:38","modified_gmt":"2026-03-27T20:36:38","slug":"mie-ayam-gewuerzsosse","status":"publish","type":"product","link":"https:\/\/rindunusantara.com\/en\/shop\/mie-ayam-gewuerzsosse\/","title":{"rendered":"Mie Ayam spice sauce"},"content":{"rendered":"<p>Literally translated, Mie Ayam means \u201cnoodles with chicken\u201d. Mie Ayam can be found on every corner in Indonesia. Whether in small warungs, in restaurants or in one of the mobile stands on the roadside, you can&#039;t go wrong with Mie Ayam. The noodles are served with chopped chicken pieces in a hearty, slightly sweet spice sauce and cooked pak choi (Chinese kale).<\/p>","protected":false},"excerpt":{"rendered":"<p>W\u00f6rtlich \u00fcbersetzt bedeutet Mie Ayam &#8222;Nudeln mit H\u00e4hnchen&#8220;. Mie Ayam findet man in Indonesien an jeder Ecke. Egal ob in kleinen Warungs, in Restaurants oder einem der mobilen St\u00e4nde am Stra\u00dfenrand, mit Mie Ayam macht man nichts falsch. Die Nudeln werden mit gehackten H\u00e4hnchenst\u00fccken in einer herzhaften, leicht s\u00fc\u00dflichen Gew\u00fcrzso\u00dfe und gekochtem Pak Choi (Chinesischer [&hellip;]<\/p>","protected":false},"featured_media":235471,"comment_status":"open","ping_status":"closed","template":"","meta":{"_et_pb_use_builder":"","_et_pb_old_content":"","_et_gb_content_width":""},"product_brand":[],"product_cat":[96],"product_tag":[],"class_list":{"0":"post-223005","1":"product","2":"type-product","3":"status-publish","4":"has-post-thumbnail","6":"product_cat-gewuerzsosse","7":"product_shipping_class-paket","9":"first","10":"instock","11":"shipping-taxable","12":"purchasable","13":"product-type-simple"},"_links":{"self":[{"href":"https:\/\/rindunusantara.com\/en\/wp-json\/wp\/v2\/product\/223005","targetHints":{"allow":["GET"]}}],"collection":[{"href":"https:\/\/rindunusantara.com\/en\/wp-json\/wp\/v2\/product"}],"about":[{"href":"https:\/\/rindunusantara.com\/en\/wp-json\/wp\/v2\/types\/product"}],"replies":[{"embeddable":true,"href":"https:\/\/rindunusantara.com\/en\/wp-json\/wp\/v2\/comments?post=223005"}],"wp:featuredmedia":[{"embeddable":true,"href":"https:\/\/rindunusantara.com\/en\/wp-json\/wp\/v2\/media\/235471"}],"wp:attachment":[{"href":"https:\/\/rindunusantara.com\/en\/wp-json\/wp\/v2\/media?parent=223005"}],"wp:term":[{"taxonomy":"product_brand","embeddable":true,"href":"https:\/\/rindunusantara.com\/en\/wp-json\/wp\/v2\/product_brand?post=223005"},{"taxonomy":"product_cat","embeddable":true,"href":"https:\/\/rindunusantara.com\/en\/wp-json\/wp\/v2\/product_cat?post=223005"},{"taxonomy":"product_tag","embeddable":true,"href":"https:\/\/rindunusantara.com\/en\/wp-json\/wp\/v2\/product_tag?post=223005"}],"curies":[{"name":"wp","href":"https:\/\/api.w.org\/{rel}","templated":true}]}}