{"id":223004,"date":"2021-04-25T17:27:52","date_gmt":"2021-04-25T17:27:52","guid":{"rendered":"https:\/\/conceptagent.dev\/wr\/?post_type=product&#038;p=223004"},"modified":"2025-10-10T17:41:22","modified_gmt":"2025-10-10T15:41:22","slug":"mie-goreng-gewuerzsosse","status":"publish","type":"product","link":"https:\/\/rindunusantara.com\/en\/shop\/mie-goreng-gewuerzsosse\/","title":{"rendered":"Mie Goreng spice sauce"},"content":{"rendered":"<p>Mie Goreng is a wok dish made from noodles, vegetables, spices and chicken, meat or seafood. Mie Goreng or \u201cfried noodles\u201d is one of the most popular dishes in Indonesia and has earned the name of a national dish.<\/p>\n<p>Originally, the dish probably came to Indonesia through Chinese immigrants. There, however, the dish has changed a lot due to Indian, Malaysian and ultimately Indo-Chinese influences.<\/p>\n<p>The result is Mie Goreng as it is ubiquitous in Indonesia today and is offered in high-end restaurants as well as in small warung&#039;s or street stalls.<\/p>\n<p>&nbsp;<\/p>","protected":false},"excerpt":{"rendered":"<p>Mie Goreng ist ein Wok Gericht aus Nudeln, Gem\u00fcse, Gew\u00fcrzen und Huhn, Fleisch oder Meeresfr\u00fcchten. Mie Goreng oder auch &#8222;gebartene Nudeln&#8220; ist eines der am weitesten verbreiteten Gerichte Indonesiens und hat durchaus die Bezeichnung Nationalgericht verdient. Urspr\u00fcnglich kam das Gericht wahrscheinlich durch chinesische Einwanderer nach Indonesien. Dort hat sich das Gericht aber durch indische, malaysische [&hellip;]<\/p>","protected":false},"featured_media":235475,"comment_status":"open","ping_status":"closed","template":"","meta":{"_et_pb_use_builder":"","_et_pb_old_content":"","_et_gb_content_width":""},"product_brand":[],"product_cat":[96],"product_tag":[],"class_list":{"0":"post-223004","1":"product","2":"type-product","3":"status-publish","4":"has-post-thumbnail","6":"product_cat-gewuerzsosse","7":"product_shipping_class-paket","9":"first","10":"instock","11":"shipping-taxable","12":"purchasable","13":"product-type-variable"},"_links":{"self":[{"href":"https:\/\/rindunusantara.com\/en\/wp-json\/wp\/v2\/product\/223004","targetHints":{"allow":["GET"]}}],"collection":[{"href":"https:\/\/rindunusantara.com\/en\/wp-json\/wp\/v2\/product"}],"about":[{"href":"https:\/\/rindunusantara.com\/en\/wp-json\/wp\/v2\/types\/product"}],"replies":[{"embeddable":true,"href":"https:\/\/rindunusantara.com\/en\/wp-json\/wp\/v2\/comments?post=223004"}],"wp:featuredmedia":[{"embeddable":true,"href":"https:\/\/rindunusantara.com\/en\/wp-json\/wp\/v2\/media\/235475"}],"wp:attachment":[{"href":"https:\/\/rindunusantara.com\/en\/wp-json\/wp\/v2\/media?parent=223004"}],"wp:term":[{"taxonomy":"product_brand","embeddable":true,"href":"https:\/\/rindunusantara.com\/en\/wp-json\/wp\/v2\/product_brand?post=223004"},{"taxonomy":"product_cat","embeddable":true,"href":"https:\/\/rindunusantara.com\/en\/wp-json\/wp\/v2\/product_cat?post=223004"},{"taxonomy":"product_tag","embeddable":true,"href":"https:\/\/rindunusantara.com\/en\/wp-json\/wp\/v2\/product_tag?post=223004"}],"curies":[{"name":"wp","href":"https:\/\/api.w.org\/{rel}","templated":true}]}}