{"id":223003,"date":"2021-04-25T17:27:17","date_gmt":"2021-04-25T17:27:17","guid":{"rendered":"https:\/\/conceptagent.dev\/wr\/?post_type=product&#038;p=223003"},"modified":"2025-12-12T12:56:40","modified_gmt":"2025-12-12T11:56:40","slug":"nasi-goreng-gewuerzsosse","status":"publish","type":"product","link":"https:\/\/rindunusantara.com\/en\/shop\/nasi-goreng-gewuerzsosse\/","title":{"rendered":"Nasi Goreng spice sauce"},"content":{"rendered":"<p>Nasi Goreng is probably the most famous dish from Indonesian cuisine. Nasi Goreng, which literally means fried rice, was originally created by searing the remaining vegetables with rice from the day before and usually serving them for breakfast. Even if our recipe shows you preparation with chicken, you can also replace it with fish or pork or, for a vegetarian variant, omit the meat entirely.<\/p>\n<p>With the fresh vegetables and the addition of the spicy sauce, you get another highlight of Indonesian cuisine with Nasi Goreng, which should be on the menu every time you travel to Indonesia.<\/p>","protected":false},"excerpt":{"rendered":"<p>Nasi Goreng das wohl bekannteste Gericht aus der indonesischen K\u00fcche. Nasi Goreng was w\u00f6rtlich \u00fcbersetzt gebratener Reis bedeutet, entstand urspr\u00fcnglich dadurch, dass das restliche Gem\u00fcse mit Reis vom Vortag angebraten und meist schon zum Fr\u00fchst\u00fcck serviert wird. Auch wenn in unserem Rezept dir Zubereitung mit H\u00fchnchen gezeigt wird, kann man auch durch Fisch bzw. Schwein [&hellip;]<\/p>","protected":false},"featured_media":235476,"comment_status":"open","ping_status":"closed","template":"","meta":{"_et_pb_use_builder":"","_et_pb_old_content":"","_et_gb_content_width":""},"product_brand":[],"product_cat":[96],"product_tag":[],"class_list":{"0":"post-223003","1":"product","2":"type-product","3":"status-publish","4":"has-post-thumbnail","6":"product_cat-gewuerzsosse","7":"product_shipping_class-paket","9":"first","10":"instock","11":"shipping-taxable","12":"purchasable","13":"product-type-simple"},"_links":{"self":[{"href":"https:\/\/rindunusantara.com\/en\/wp-json\/wp\/v2\/product\/223003","targetHints":{"allow":["GET"]}}],"collection":[{"href":"https:\/\/rindunusantara.com\/en\/wp-json\/wp\/v2\/product"}],"about":[{"href":"https:\/\/rindunusantara.com\/en\/wp-json\/wp\/v2\/types\/product"}],"replies":[{"embeddable":true,"href":"https:\/\/rindunusantara.com\/en\/wp-json\/wp\/v2\/comments?post=223003"}],"wp:featuredmedia":[{"embeddable":true,"href":"https:\/\/rindunusantara.com\/en\/wp-json\/wp\/v2\/media\/235476"}],"wp:attachment":[{"href":"https:\/\/rindunusantara.com\/en\/wp-json\/wp\/v2\/media?parent=223003"}],"wp:term":[{"taxonomy":"product_brand","embeddable":true,"href":"https:\/\/rindunusantara.com\/en\/wp-json\/wp\/v2\/product_brand?post=223003"},{"taxonomy":"product_cat","embeddable":true,"href":"https:\/\/rindunusantara.com\/en\/wp-json\/wp\/v2\/product_cat?post=223003"},{"taxonomy":"product_tag","embeddable":true,"href":"https:\/\/rindunusantara.com\/en\/wp-json\/wp\/v2\/product_tag?post=223003"}],"curies":[{"name":"wp","href":"https:\/\/api.w.org\/{rel}","templated":true}]}}