{"id":222995,"date":"2021-04-10T16:10:29","date_gmt":"2021-04-10T16:10:29","guid":{"rendered":"https:\/\/conceptagent.dev\/wr\/?post_type=product&#038;p=222995"},"modified":"2025-12-20T18:33:56","modified_gmt":"2025-12-20T17:33:56","slug":"rica-rica-gewuerzsosse","status":"publish","type":"product","link":"https:\/\/rindunusantara.com\/en\/shop\/rica-rica-gewuerzsosse\/","title":{"rendered":"Rica Rica spice sauce"},"content":{"rendered":"<p>Rica Rica is a specialty from the Indonesian city of Manado in northern Sulawesi. The mostly Christian population makes this spice sauce mostly with chicken or pork. Rica means &quot;spicy&quot; in the North Sulawesian language, which means Ayam rica rica means &quot;chicken in hot sauce&quot;. So if you like intense, piquant dishes refined with a light citrus note, you will love (Ayam) Rica Rica. Don&#039;t forget to cook a large portion of jasmine rice, as it tastes delicious in combination with the intense sauce.<\/p>","protected":false},"excerpt":{"rendered":"<p>Intensely spicy spice sauce that is usually served with chicken or pork.<\/p>","protected":false},"featured_media":223698,"comment_status":"open","ping_status":"closed","template":"","meta":{"_et_pb_use_builder":"off","_et_pb_old_content":"Rica Rica ist eine spezialit\u00e4t aus der indonesischen Stadt Manado in nord Sulawesi. Von der gr\u00f6\u00dftenteils christlichen Bef\u00f6lkerung wird diese Gew\u00fcrzso\u00dfe meist mit H\u00e4hnchen oder Schweinefleisch zubereitet. Rica bedeutet in nord Sulawesischer Sprache \"scharf\" wodurch Ayam rica rica \u00fcbersetzt \"H\u00e4hnchen in scharfer So\u00dfe\" bedeutet. Wenn du also intesive, pikante, mit leichter zitrusnote verfeinerte Gerichte magst, wirst du (Ayam) Rica Rica lieben. Vergiss eine gro\u00dfe Portion Jasminreis zu kochen, da dieser in Verbindung mit der intensiven So\u00dfe sehr lecker schmeckt.\r\n\r\n\u00a0","_et_gb_content_width":""},"product_brand":[],"product_cat":[96],"product_tag":[],"class_list":{"0":"post-222995","1":"product","2":"type-product","3":"status-publish","4":"has-post-thumbnail","6":"product_cat-gewuerzsosse","7":"product_shipping_class-paket","9":"first","10":"instock","11":"shipping-taxable","12":"purchasable","13":"product-type-simple"},"_links":{"self":[{"href":"https:\/\/rindunusantara.com\/en\/wp-json\/wp\/v2\/product\/222995","targetHints":{"allow":["GET"]}}],"collection":[{"href":"https:\/\/rindunusantara.com\/en\/wp-json\/wp\/v2\/product"}],"about":[{"href":"https:\/\/rindunusantara.com\/en\/wp-json\/wp\/v2\/types\/product"}],"replies":[{"embeddable":true,"href":"https:\/\/rindunusantara.com\/en\/wp-json\/wp\/v2\/comments?post=222995"}],"wp:featuredmedia":[{"embeddable":true,"href":"https:\/\/rindunusantara.com\/en\/wp-json\/wp\/v2\/media\/223698"}],"wp:attachment":[{"href":"https:\/\/rindunusantara.com\/en\/wp-json\/wp\/v2\/media?parent=222995"}],"wp:term":[{"taxonomy":"product_brand","embeddable":true,"href":"https:\/\/rindunusantara.com\/en\/wp-json\/wp\/v2\/product_brand?post=222995"},{"taxonomy":"product_cat","embeddable":true,"href":"https:\/\/rindunusantara.com\/en\/wp-json\/wp\/v2\/product_cat?post=222995"},{"taxonomy":"product_tag","embeddable":true,"href":"https:\/\/rindunusantara.com\/en\/wp-json\/wp\/v2\/product_tag?post=222995"}],"curies":[{"name":"wp","href":"https:\/\/api.w.org\/{rel}","templated":true}]}}