{"id":223918,"date":"2021-07-14T08:22:30","date_gmt":"2021-07-14T08:22:30","guid":{"rendered":"https:\/\/warungrebelle.com\/?page_id=223918"},"modified":"2024-03-17T13:29:31","modified_gmt":"2024-03-17T12:29:31","slug":"datenschutzerklaerung","status":"publish","type":"page","link":"https:\/\/rindunusantara.com\/en\/datenschutzerklaerung\/","title":{"rendered":"Privacy Policy"},"content":{"rendered":"<p>[et_pb_section fb_built=&#8220;1&#8243; admin_label=&#8220;Hero Section&#8220; _builder_version=&#8220;4.16&#8243; use_background_color_gradient=&#8220;on&#8220; background_color_gradient_stops=&#8220;rgba(0,0,0,0.5) 0%|rgba(0,0,0,0) 100%&#8220; background_color_gradient_start=&#8220;rgba(0,0,0,0.5)&#8220; background_color_gradient_end=&#8220;rgba(0,0,0,0)&#8220; background_image=&#8220;https:\/\/rindunusantara.com\/wp-content\/uploads\/2021\/05\/Chilis-Markt-2-scaled.jpg&#8220; parallax=&#8220;on&#8220; custom_margin=&#8220;|||&#8220; custom_padding=&#8220;32px||87px||false|false&#8220; background_color_gradient_stops_tablet=&#8220;rgba(0,0,0,0.5) 0%|rgba(0,0,0,0) 100%&#8220; background_color_gradient_stops_phone=&#8220;rgba(0,0,0,0.5) 0%|rgba(0,0,0,0) 100%&#8220; global_module=&#8220;223809&#8243; saved_tabs=&#8220;all&#8220; locked=&#8220;off&#8220; global_colors_info=&#8220;{}&#8220;][et_pb_row _builder_version=&#8220;4.16&#8243; background_size=&#8220;initial&#8220; background_position=&#8220;top_left&#8220; background_repeat=&#8220;repeat&#8220; custom_margin=&#8220;|auto|-12px|auto||&#8220; custom_padding=&#8220;47px|||||&#8220; global_colors_info=&#8220;{}&#8220;][et_pb_column type=&#8220;4_4&#8243; _builder_version=&#8220;4.16&#8243; custom_padding=&#8220;|||&#8220; global_colors_info=&#8220;{}&#8220; custom_padding__hover=&#8220;|||&#8220;][et_pb_post_title meta=&#8220;off&#8220; featured_image=&#8220;off&#8220; text_color=&#8220;light&#8220; _builder_version=&#8220;4.16&#8243; _module_preset=&#8220;default&#8220; title_font=&#8220;Quattrocento|||on|||||&#8220; title_text_align=&#8220;center&#8220; title_font_size=&#8220;65px&#8220; title_letter_spacing=&#8220;5px&#8220; text_orientation=&#8220;center&#8220; title_font_size_tablet=&#8220;37px&#8220; title_font_size_phone=&#8220;22px&#8220; title_font_size_last_edited=&#8220;on|tablet&#8220; title_text_shadow_style=&#8220;preset3&#8243; title_text_shadow_blur_strength=&#8220;0.1em&#8220; title_text_shadow_color=&#8220;#000000&#8243; global_colors_info=&#8220;{}&#8220;][\/et_pb_post_title][\/et_pb_column][\/et_pb_row][\/et_pb_section][et_pb_section fb_built=&#8220;1&#8243; admin_label=&#8220;Feature Section&#8220; _builder_version=&#8220;4.16&#8243; background_image=&#8220;https:\/\/rindunusantara.com\/wp-content\/uploads\/2021\/01\/tea_shop_42.jpg&#8220; background_position=&#8220;center_right&#8220; max_width=&#8220;88%&#8220; custom_margin=&#8220;-2.5%|||||&#8220; custom_padding=&#8220;0px||24px|||&#8220; animation_style=&#8220;slide&#8220; animation_direction=&#8220;left&#8220; animation_intensity_slide=&#8220;2%&#8220; animation_starting_opacity=&#8220;100%&#8220; box_shadow_style=&#8220;preset3&#8243; box_shadow_vertical=&#8220;80px&#8220; box_shadow_blur=&#8220;120px&#8220; box_shadow_spread=&#8220;-60px&#8220; box_shadow_color=&#8220;rgba(63,63,31,0.3)&#8220; locked=&#8220;off&#8220; global_colors_info=&#8220;{}&#8220;][et_pb_row admin_label=&#8220;row&#8220; _builder_version=&#8220;4.16&#8243; background_size=&#8220;initial&#8220; background_position=&#8220;top_left&#8220; background_repeat=&#8220;repeat&#8220; custom_padding=&#8220;51px|||||&#8220; global_colors_info=&#8220;{}&#8220;][et_pb_column type=&#8220;4_4&#8243; _builder_version=&#8220;4.16&#8243; custom_padding=&#8220;|||&#8220; global_colors_info=&#8220;{}&#8220; custom_padding__hover=&#8220;|||&#8220;][et_pb_text module_id=&#8220;donottranslate&#8220; _builder_version=&#8220;4.22.0&#8243; _module_preset=&#8220;default&#8220; hover_enabled=&#8220;0&#8243; global_colors_info=&#8220;{}&#8220; sticky_enabled=&#8220;0&#8243;]<\/p>\n<p><span><\/span><span><\/span><\/p>\n<p><span><div>\n<div id=\"lc-text-AgencyClient_DSE-en\"><\/div>\n<script>\n  fetch(`https:\/\/app.cockpit.legal\/api\/cockpit\/resources\/legaldocumentshare\/191bf22be011b1327a4ec212459a7f74\/document\/render\/html?language=en`)\n  .then((result) => { return result.text(); })\n  .then((content) => {\n    document.getElementById(\"lc-text-AgencyClient_DSE-en\").innerHTML = content\n  });\n<\/script>\n<noscript>\n  You cannot see this legal text because you have JavaScript disabled.\n  Please follow this\n  <a target=\"_blank\" href=\"https:\/\/app.cockpit.legal\/api\/cockpit\/resources\/legaldocumentshare\/191bf22be011b1327a4ec212459a7f74\/document\/render\/html?language=en\">link<\/a>\n  to view the legal text.\n<\/noscript>\n<\/div><\/span><span><\/span><\/p>\n<p><span><\/span><\/p>\n<pre><\/pre>\n<p>[\/et_pb_text][\/et_pb_column][\/et_pb_row][et_pb_row column_structure=&#8220;1_3,1_3,1_3&#8243; _builder_version=&#8220;4.16&#8243; _module_preset=&#8220;default&#8220; global_colors_info=&#8220;{}&#8220;][et_pb_column type=&#8220;1_3&#8243; _builder_version=&#8220;4.16&#8243; _module_preset=&#8220;default&#8220; global_colors_info=&#8220;{}&#8220;][et_pb_text _builder_version=&#8220;4.16&#8243; _module_preset=&#8220;default&#8220; global_colors_info=&#8220;{}&#8220;]<\/p>\n<p>[rcb-consent type = &quot;change&quot; tag = &quot;button&quot; text = &quot;Change privacy settings&quot;]<\/p>\n<p>[\/et_pb_text][\/et_pb_column][et_pb_column type=&#8220;1_3&#8243; _builder_version=&#8220;4.16&#8243; _module_preset=&#8220;default&#8220; global_colors_info=&#8220;{}&#8220;][et_pb_text _builder_version=&#8220;4.16&#8243; _module_preset=&#8220;default&#8220; global_colors_info=&#8220;{}&#8220;]<\/p>\n<p>[rcb-consent type = &quot;history&quot; tag = &quot;button&quot; text = &quot;History of privacy settings&quot;]<\/p>\n<p>[\/et_pb_text][\/et_pb_column][et_pb_column type=&#8220;1_3&#8243; _builder_version=&#8220;4.16&#8243; _module_preset=&#8220;default&#8220; global_colors_info=&#8220;{}&#8220;][et_pb_text _builder_version=&#8220;4.16&#8243; _module_preset=&#8220;default&#8220; global_colors_info=&#8220;{}&#8220;]<\/p>\n<p>[rcb-consent type = \u201crevoke\u201c tag = \u201cbutton\u201c text = \u201cRevoke consent\u201c successmessage = \u201cYou have successfully revoked your consent. The page will now be reloaded. &quot;]<\/p>\n<p>[\/et_pb_text][\/et_pb_column][\/et_pb_row][\/et_pb_section]<\/p>","protected":false},"excerpt":{"rendered":"<p> <div>\n<div id=\"lc-text-AgencyClient_DSE-en\"><\/div>\n<script>\n  fetch(`https:\/\/app.cockpit.legal\/api\/cockpit\/resources\/legaldocumentshare\/191bf22be011b1327a4ec212459a7f74\/document\/render\/html?language=en`)\n  .then((result) => { return result.text(); })\n  .then((content) => {\n    document.getElementById(\"lc-text-AgencyClient_DSE-en\").innerHTML = content\n  });\n<\/script>\n<noscript>\n  You cannot see this legal text because you have JavaScript disabled.\n  Please follow this\n  <a target=\"_blank\" href=\"https:\/\/app.cockpit.legal\/api\/cockpit\/resources\/legaldocumentshare\/191bf22be011b1327a4ec212459a7f74\/document\/render\/html?language=en\">link<\/a>\n  to view the legal text.\n<\/noscript>\n<\/div>  [rcb-consent type=&#8220;change&#8220; tag=&#8220;button&#8220; text=&#8220;Privatsph\u00e4re-Einstellungen \u00e4ndern&#8220;][rcb-consent type=&#8220;history&#8220; tag=&#8220;button&#8220; text=&#8220;Historie der Privatsph\u00e4re-Einstellungen&#8220;][rcb-consent type=&#8220;revoke&#8220; tag=&#8220;button&#8220; text=&#8220;Einwilligungen widerrufen&#8220; successmessage=&#8220;Du hast die Einwilligung erfolgreich widerrufen. Die Seite wird nun neu geladen.&#8220;]<\/p>","protected":false},"author":1,"featured_media":0,"parent":0,"menu_order":0,"comment_status":"closed","ping_status":"closed","template":"","meta":{"_et_pb_use_builder":"on","_et_pb_old_content":"<!-- wp:shortcode -->\n[woocommerce_my_account]\n<!-- \/wp:shortcode -->","_et_gb_content_width":"1080","footnotes":""},"class_list":["post-223918","page","type-page","status-publish","hentry"],"_links":{"self":[{"href":"https:\/\/rindunusantara.com\/en\/wp-json\/wp\/v2\/pages\/223918","targetHints":{"allow":["GET"]}}],"collection":[{"href":"https:\/\/rindunusantara.com\/en\/wp-json\/wp\/v2\/pages"}],"about":[{"href":"https:\/\/rindunusantara.com\/en\/wp-json\/wp\/v2\/types\/page"}],"author":[{"embeddable":true,"href":"https:\/\/rindunusantara.com\/en\/wp-json\/wp\/v2\/users\/1"}],"replies":[{"embeddable":true,"href":"https:\/\/rindunusantara.com\/en\/wp-json\/wp\/v2\/comments?post=223918"}],"version-history":[{"count":0,"href":"https:\/\/rindunusantara.com\/en\/wp-json\/wp\/v2\/pages\/223918\/revisions"}],"wp:attachment":[{"href":"https:\/\/rindunusantara.com\/en\/wp-json\/wp\/v2\/media?parent=223918"}],"curies":[{"name":"wp","href":"https:\/\/api.w.org\/{rel}","templated":true}]}}